{"id":21,"date":"2017-04-04T12:20:29","date_gmt":"2017-04-04T12:20:29","guid":{"rendered":"http:\/\/kapalicarsikuyumculuk.com\/?page_id=21"},"modified":"2023-02-21T10:45:17","modified_gmt":"2023-02-21T10:45:17","slug":"on-sayfa","status":"publish","type":"page","link":"https:\/\/kapalicarsikuyumculuk.com\/","title":{"rendered":"\u00d6n Sayfa"},"content":{"rendered":"<div class=\"fusion-fullwidth fullwidth-box fusion-builder-row-1 nonhundred-percent-fullwidth non-hundred-percent-height-scrolling\" style=\"background-color: rgba(255,255,255,0);background-position: center center;background-repeat: no-repeat;padding-top:0px;padding-right:0px;padding-bottom:20px;padding-left:0px;margin-bottom: 0px;margin-top: 0px;border-width: 0px 0px 0px 0px;border-color:#eae9e9;border-style:solid;\" ><div class=\"fusion-builder-row fusion-row\"><div class=\"fusion-layout-column fusion_builder_column fusion-builder-column-0 fusion_builder_column_1_1 1_1 fusion-one-full fusion-column-first fusion-column-last\" style=\"margin-top:0px;margin-bottom:0px;\"><div class=\"fusion-column-wrapper fusion-flex-column-wrapper-legacy\" style=\"background-position:left top;background-repeat:no-repeat;-webkit-background-size:cover;-moz-background-size:cover;-o-background-size:cover;background-size:cover;padding: 0px 0px 0px 0px;\">\n<div class=\"fusion-slider-revolution rev_slider_wrapper\">\t\t\t<!-- START Anasayfa REVOLUTION SLIDER 6.4.6 --><p class=\"rs-p-wp-fix\"><\/p>\n\t\t\t<rs-module-wrap id=\"rev_slider_1_1_wrapper\" data-source=\"gallery\" style=\"background:transparent;padding:0;margin:0px auto;margin-top:0;margin-bottom:0;\">\n\t\t\t\t<rs-module id=\"rev_slider_1_1\" style=\"\" data-version=\"6.4.6\">\n\t\t\t\t\t<rs-slides>\n\t\t\t\t\t\t<rs-slide data-key=\"rs-1\" data-title=\"Slide\" data-anim=\"ms:600;\" data-in=\"o:0;\" data-out=\"a:false;\">\n\t\t\t\t\t\t\t<img decoding=\"async\" src=\"\/\/kapalicarsikuyumculuk.com\/wp-content\/plugins\/revslider\/public\/assets\/assets\/transparent.png\" alt=\"Slide\" title=\"\u00d6n Sayfa\" class=\"rev-slidebg tp-rs-img\" data-no-retina>\n<!--\n\t\t\t\t\t\t\t--><rs-layer\n\t\t\t\t\t\t\t\tid=\"slider-1-slide-1-layer-1\" \n\t\t\t\t\t\t\t\tdata-type=\"image\"\n\t\t\t\t\t\t\t\tdata-rsp_ch=\"on\"\n\t\t\t\t\t\t\t\tdata-xy=\"x:c;y:c;\"\n\t\t\t\t\t\t\t\tdata-text=\"l:22;\"\n\t\t\t\t\t\t\t\tdata-dim=\"w:1920px;h:400px;\"\n\t\t\t\t\t\t\t\tdata-frame_0=\"tp:600;\"\n\t\t\t\t\t\t\t\tdata-frame_1=\"tp:600;e:power2.inOut;st:500;\"\n\t\t\t\t\t\t\t\tdata-frame_999=\"o:0;tp:600;e:nothing;st:w;\"\n\t\t\t\t\t\t\t\tstyle=\"z-index:5;\"\n\t\t\t\t\t\t\t><img decoding=\"async\" src=\"\/\/kapalicarsikuyumculuk.com\/wp-content\/uploads\/2017\/04\/Gundem.jpg\" class=\"tp-rs-img\" width=\"1920\" height=\"400\" data-no-retina> \n\t\t\t\t\t\t\t<\/rs-layer><!--\n-->\t\t\t\t\t\t<\/rs-slide>\n\t\t\t\t\t<\/rs-slides>\n\t\t\t\t<\/rs-module>\n\t\t\t\t<script type=\"text\/javascript\">\n\t\t\t\t\tsetREVStartSize({c: 'rev_slider_1_1',rl:[1240,1024,778,480],el:[],gw:[1920],gh:[400],type:'standard',justify:'',layout:'fullwidth',mh:\"0\"});\n\t\t\t\t\tvar\trevapi1,\n\t\t\t\t\t\ttpj;\n\t\t\t\t\tfunction revinit_revslider11() {\n\t\t\t\t\tjQuery(function() {\n\t\t\t\t\t\ttpj = jQuery;\n\t\t\t\t\t\trevapi1 = tpj(\"#rev_slider_1_1\");\n\t\t\t\t\t\tif(revapi1==undefined || revapi1.revolution == undefined){\n\t\t\t\t\t\t\trevslider_showDoubleJqueryError(\"rev_slider_1_1\");\n\t\t\t\t\t\t}else{\n\t\t\t\t\t\t\trevapi1.revolution({\n\t\t\t\t\t\t\t\tsliderLayout:\"fullwidth\",\n\t\t\t\t\t\t\t\tvisibilityLevels:\"1240,1024,778,480\",\n\t\t\t\t\t\t\t\tgridwidth:1920,\n\t\t\t\t\t\t\t\tgridheight:400,\n\t\t\t\t\t\t\t\tspinner:\"spinner0\",\n\t\t\t\t\t\t\t\tperspectiveType:\"local\",\n\t\t\t\t\t\t\t\tresponsiveLevels:\"1240,1024,778,480\",\n\t\t\t\t\t\t\t\tprogressBar:{disableProgressBar:true},\n\t\t\t\t\t\t\t\tnavigation: {\n\t\t\t\t\t\t\t\t\tonHoverStop:false\n\t\t\t\t\t\t\t\t},\n\t\t\t\t\t\t\t\tfallbacks: {\n\t\t\t\t\t\t\t\t\tallowHTML5AutoPlayOnAndroid:true\n\t\t\t\t\t\t\t\t},\n\t\t\t\t\t\t\t});\n\t\t\t\t\t\t}\n\t\t\t\t\t\t\n\t\t\t\t\t});\n\t\t\t\t\t} \/\/ End of RevInitScript\n\t\t\t\tvar once_revslider11 = false;\n\t\t\t\tif (document.readyState === \"loading\") {document.addEventListener('readystatechange',function() { if((document.readyState === \"interactive\" || document.readyState === \"complete\") && !once_revslider11 ) { once_revslider11 = true; revinit_revslider11();}});} else {once_revslider11 = true; revinit_revslider11();}\n\t\t\t\t<\/script>\n\t\t\t<\/rs-module-wrap>\n\t\t\t<!-- END REVOLUTION SLIDER -->\n<\/div><div class=\"fusion-text fusion-text-1\"><div style=\"height: 30px;\"><\/div>\n<p><img decoding=\"async\" class=\"size-full wp-image-108 aligncenter\" src=\"https:\/\/kapalicarsikuyumculuk.com\/wp-content\/uploads\/2017\/04\/pirlanta.png\" alt=\"\" width=\"30\" height=\"26\" \/><\/p>\n<p style=\"text-align: center;\"><strong><em>\u201cMa\u011fazam\u0131zdaki t\u00fcm p\u0131rlanta \u00fcr\u00fcnleri sertifikal\u0131d\u0131r\u2026\u201d<\/em><\/strong><\/p>\n<p style=\"text-align: center;\">P\u0131rlanta \u00fcr\u00fcnler hakk\u0131ndaki t\u00fcm sertifika bilgileri firmam\u0131z taraf\u0131ndan desteklenmektedir. Ayr\u0131ca ma\u011fazam\u0131zda HRD (Uluslararas\u0131 Sertifika) sertifikal\u0131 \u00fcr\u00fcnlerde m\u00fc\u015fterilerimize sunulmu\u015ftur.<br \/>\nMa\u011fazam\u0131zdaki t\u00fcm alt\u0131n \u00fcr\u00fcnler ayar damgal\u0131 olup, her t\u00fcrl\u00fc sorunda m\u00fc\u015fterilerimizi ma\u011fdur etmemek ad\u0131na gerekli gayret g\u00f6sterilmektedir.<\/p>\n<\/div><div class=\"fusion-image-carousel fusion-image-carousel-fixed lightbox-enabled fusion-carousel-border\"><div class=\"fusion-carousel\" data-autoplay=\"no\" data-columns=\"5\" data-itemmargin=\"13\" data-itemwidth=\"180\" data-touchscroll=\"no\" data-imagesize=\"fixed\"><div class=\"fusion-carousel-positioner\"><ul class=\"fusion-carousel-holder\"><li class=\"fusion-carousel-item\"><div class=\"fusion-carousel-item-wrapper\"><div class=\"fusion-image-wrapper hover-type-none\"><a data-rel=\"iLightbox[image_carousel_1]\" data-title=\"b3-anasayfa\" aria-label=\"b3-anasayfa\" href=\"https:\/\/kapalicarsikuyumculuk.com\/wp-content\/uploads\/2017\/04\/b3-anasayfa.jpg\" target=\"_self\"><img decoding=\"async\" width=\"320\" height=\"202\" src=\"https:\/\/kapalicarsikuyumculuk.com\/wp-content\/uploads\/2017\/04\/b3-anasayfa-320x202.jpg\" class=\"attachment-blog-medium size-blog-medium\" alt=\"\" \/><\/a><\/div><\/div><\/li><li class=\"fusion-carousel-item\"><div class=\"fusion-carousel-item-wrapper\"><div class=\"fusion-image-wrapper hover-type-none\"><a data-rel=\"iLightbox[image_carousel_1]\" data-title=\"b2-anasayfa\" aria-label=\"b2-anasayfa\" href=\"https:\/\/kapalicarsikuyumculuk.com\/wp-content\/uploads\/2017\/04\/b2-anasayfa.jpg\" target=\"_self\"><img decoding=\"async\" width=\"320\" height=\"202\" src=\"https:\/\/kapalicarsikuyumculuk.com\/wp-content\/uploads\/2017\/04\/b2-anasayfa-320x202.jpg\" class=\"attachment-blog-medium size-blog-medium\" alt=\"\" \/><\/a><\/div><\/div><\/li><li class=\"fusion-carousel-item\"><div class=\"fusion-carousel-item-wrapper\"><div class=\"fusion-image-wrapper hover-type-none\"><a data-rel=\"iLightbox[image_carousel_1]\" data-title=\"k12-anasayfa\" aria-label=\"k12-anasayfa\" href=\"https:\/\/kapalicarsikuyumculuk.com\/wp-content\/uploads\/2017\/04\/k12-anasayfa.jpg\" target=\"_self\"><img decoding=\"async\" width=\"320\" height=\"202\" src=\"https:\/\/kapalicarsikuyumculuk.com\/wp-content\/uploads\/2017\/04\/k12-anasayfa-320x202.jpg\" class=\"attachment-blog-medium size-blog-medium\" alt=\"\" \/><\/a><\/div><\/div><\/li><li class=\"fusion-carousel-item\"><div class=\"fusion-carousel-item-wrapper\"><div class=\"fusion-image-wrapper hover-type-none\"><a data-rel=\"iLightbox[image_carousel_1]\" data-title=\"k9-anasayfa\" aria-label=\"k9-anasayfa\" href=\"https:\/\/kapalicarsikuyumculuk.com\/wp-content\/uploads\/2017\/04\/k9-anasayfa.jpg\" target=\"_self\"><img decoding=\"async\" width=\"320\" height=\"202\" src=\"https:\/\/kapalicarsikuyumculuk.com\/wp-content\/uploads\/2017\/04\/k9-anasayfa-320x202.jpg\" class=\"attachment-blog-medium size-blog-medium\" alt=\"\" \/><\/a><\/div><\/div><\/li><li class=\"fusion-carousel-item\"><div class=\"fusion-carousel-item-wrapper\"><div class=\"fusion-image-wrapper hover-type-none\"><a data-rel=\"iLightbox[image_carousel_1]\" data-title=\"ku7-anasayfa\" aria-label=\"ku7-anasayfa\" href=\"https:\/\/kapalicarsikuyumculuk.com\/wp-content\/uploads\/2017\/04\/ku7-anasayfa.jpg\" target=\"_self\"><img decoding=\"async\" width=\"320\" height=\"202\" src=\"https:\/\/kapalicarsikuyumculuk.com\/wp-content\/uploads\/2017\/04\/ku7-anasayfa-320x202.jpg\" class=\"attachment-blog-medium size-blog-medium\" alt=\"\" \/><\/a><\/div><\/div><\/li><li class=\"fusion-carousel-item\"><div class=\"fusion-carousel-item-wrapper\"><div class=\"fusion-image-wrapper hover-type-none\"><a data-rel=\"iLightbox[image_carousel_1]\" data-title=\"ku1-anasayfa\" aria-label=\"ku1-anasayfa\" href=\"https:\/\/kapalicarsikuyumculuk.com\/wp-content\/uploads\/2017\/04\/ku1-anasayfa.jpg\" target=\"_self\"><img decoding=\"async\" width=\"320\" height=\"202\" src=\"https:\/\/kapalicarsikuyumculuk.com\/wp-content\/uploads\/2017\/04\/ku1-anasayfa-320x202.jpg\" class=\"attachment-blog-medium size-blog-medium\" alt=\"\" \/><\/a><\/div><\/div><\/li><li class=\"fusion-carousel-item\"><div class=\"fusion-carousel-item-wrapper\"><div class=\"fusion-image-wrapper hover-type-none\"><a data-rel=\"iLightbox[image_carousel_1]\" data-title=\"s1-anasayfa\" aria-label=\"s1-anasayfa\" href=\"https:\/\/kapalicarsikuyumculuk.com\/wp-content\/uploads\/2017\/04\/s1-anasayfa.jpg\" target=\"_self\"><img decoding=\"async\" width=\"320\" height=\"202\" src=\"https:\/\/kapalicarsikuyumculuk.com\/wp-content\/uploads\/2017\/04\/s1-anasayfa-320x202.jpg\" class=\"attachment-blog-medium size-blog-medium\" alt=\"\" \/><\/a><\/div><\/div><\/li><li class=\"fusion-carousel-item\"><div class=\"fusion-carousel-item-wrapper\"><div class=\"fusion-image-wrapper hover-type-none\"><a data-rel=\"iLightbox[image_carousel_1]\" data-title=\"s8-anasayfa\" aria-label=\"s8-anasayfa\" href=\"https:\/\/kapalicarsikuyumculuk.com\/wp-content\/uploads\/2017\/04\/s8-anasayfa.jpg\" target=\"_self\"><img decoding=\"async\" width=\"320\" height=\"202\" src=\"https:\/\/kapalicarsikuyumculuk.com\/wp-content\/uploads\/2017\/04\/s8-anasayfa-320x202.jpg\" class=\"attachment-blog-medium size-blog-medium\" alt=\"\" \/><\/a><\/div><\/div><\/li><li class=\"fusion-carousel-item\"><div class=\"fusion-carousel-item-wrapper\"><div class=\"fusion-image-wrapper hover-type-none\"><a data-rel=\"iLightbox[image_carousel_1]\" data-title=\"s12-anasayfa\" aria-label=\"s12-anasayfa\" href=\"https:\/\/kapalicarsikuyumculuk.com\/wp-content\/uploads\/2017\/04\/s12-anasayfa.jpg\" target=\"_self\"><img decoding=\"async\" width=\"320\" height=\"202\" src=\"https:\/\/kapalicarsikuyumculuk.com\/wp-content\/uploads\/2017\/04\/s12-anasayfa-320x202.jpg\" class=\"attachment-blog-medium size-blog-medium\" alt=\"\" \/><\/a><\/div><\/div><\/li><li class=\"fusion-carousel-item\"><div class=\"fusion-carousel-item-wrapper\"><div class=\"fusion-image-wrapper hover-type-none\"><a data-rel=\"iLightbox[image_carousel_1]\" data-title=\"y14-anasayfa\" aria-label=\"y14-anasayfa\" href=\"https:\/\/kapalicarsikuyumculuk.com\/wp-content\/uploads\/2017\/04\/y14-anasayfa.jpg\" target=\"_self\"><img decoding=\"async\" width=\"320\" height=\"202\" src=\"https:\/\/kapalicarsikuyumculuk.com\/wp-content\/uploads\/2017\/04\/y14-anasayfa-320x202.jpg\" class=\"attachment-blog-medium size-blog-medium\" alt=\"\" \/><\/a><\/div><\/div><\/li><li class=\"fusion-carousel-item\"><div class=\"fusion-carousel-item-wrapper\"><div class=\"fusion-image-wrapper hover-type-none\"><a data-rel=\"iLightbox[image_carousel_1]\" data-title=\"y13-anasayfa\" aria-label=\"y13-anasayfa\" href=\"https:\/\/kapalicarsikuyumculuk.com\/wp-content\/uploads\/2017\/04\/y13-anasayfa.jpg\" target=\"_self\"><img decoding=\"async\" width=\"320\" height=\"202\" src=\"https:\/\/kapalicarsikuyumculuk.com\/wp-content\/uploads\/2017\/04\/y13-anasayfa-320x202.jpg\" class=\"attachment-blog-medium size-blog-medium\" alt=\"\" \/><\/a><\/div><\/div><\/li><li class=\"fusion-carousel-item\"><div class=\"fusion-carousel-item-wrapper\"><div class=\"fusion-image-wrapper hover-type-none\"><a data-rel=\"iLightbox[image_carousel_1]\" data-title=\"y11-anasayfa\" aria-label=\"y11-anasayfa\" href=\"https:\/\/kapalicarsikuyumculuk.com\/wp-content\/uploads\/2017\/04\/y11-anasayfa.jpg\" target=\"_self\"><img decoding=\"async\" width=\"320\" height=\"202\" src=\"https:\/\/kapalicarsikuyumculuk.com\/wp-content\/uploads\/2017\/04\/y11-anasayfa-320x202.jpg\" class=\"attachment-blog-medium size-blog-medium\" alt=\"\" \/><\/a><\/div><\/div><\/li><\/ul><div class=\"fusion-carousel-nav\"><span class=\"fusion-nav-prev\"><\/span><span class=\"fusion-nav-next\"><\/span><\/div><\/div><\/div><\/div><div class=\"fusion-text fusion-text-2\"><div style=\"height: 30px;\"><\/div>\n<h2 style=\"text-align: center;\"><strong>B\u0130ZE ULA\u015eIN<\/strong><\/h2>\n<p style=\"text-align: center;\"><strong>Adres:<\/strong> Bah\u00e7e\u015fehir S\u00fczer Bulvar\u0131 \u015eehri Bazar Al\u0131\u015fveri\u015f Merkezi F Blok S-17 Bah\u00e7e\u015fehir \/ \u0130stanbul<br \/>\n<strong>Tel:<\/strong>\u00a0+90 (212) 608 00 83-84 | <strong>Faks:<\/strong>\u00a0+90 (212) 608 00 76 |\u00a0<strong>Eposta:<\/strong> <a href=\"mailto:info@kapalicarsikuyumculuk.com\">info@kapalicarsikuyumculuk.com<\/a><\/p>\n<\/div><iframe src=\"https:\/\/www.google.com\/maps\/embed?pb=!1m14!1m8!1m3!1d24065.898140441062!2d28.684713000000002!3d41.063806!3m2!1i1024!2i768!4f13.1!3m3!1m2!1s0x14caa76ee0e620b3%3A0x9c1d690d00def3e5!2zQWvDp2FyxZ_EsSBEw7Z2aXogQS7Fng!5e0!3m2!1str!2str!4v1676965536182!5m2!1str!2str\" width=\"100%\" height=\"300\" style=\"border:0;\" allowfullscreen=\"\" loading=\"lazy\" referrerpolicy=\"no-referrer-when-downgrade\"><\/iframe><div class=\"fusion-clearfix\"><\/div><\/div><\/div><\/div><\/div>\n","protected":false},"excerpt":{"rendered":"","protected":false},"author":1,"featured_media":0,"parent":0,"menu_order":0,"comment_status":"closed","ping_status":"closed","template":"","meta":{"footnotes":""},"_links":{"self":[{"href":"https:\/\/kapalicarsikuyumculuk.com\/index.php?rest_route=\/wp\/v2\/pages\/21"}],"collection":[{"href":"https:\/\/kapalicarsikuyumculuk.com\/index.php?rest_route=\/wp\/v2\/pages"}],"about":[{"href":"https:\/\/kapalicarsikuyumculuk.com\/index.php?rest_route=\/wp\/v2\/types\/page"}],"author":[{"embeddable":true,"href":"https:\/\/kapalicarsikuyumculuk.com\/index.php?rest_route=\/wp\/v2\/users\/1"}],"replies":[{"embeddable":true,"href":"https:\/\/kapalicarsikuyumculuk.com\/index.php?rest_route=%2Fwp%2Fv2%2Fcomments&post=21"}],"version-history":[{"count":26,"href":"https:\/\/kapalicarsikuyumculuk.com\/index.php?rest_route=\/wp\/v2\/pages\/21\/revisions"}],"predecessor-version":[{"id":406,"href":"https:\/\/kapalicarsikuyumculuk.com\/index.php?rest_route=\/wp\/v2\/pages\/21\/revisions\/406"}],"wp:attachment":[{"href":"https:\/\/kapalicarsikuyumculuk.com\/index.php?rest_route=%2Fwp%2Fv2%2Fmedia&parent=21"}],"curies":[{"name":"wp","href":"https:\/\/api.w.org\/{rel}","templated":true}]}}